{"id":537,"date":"2025-05-01T11:22:53","date_gmt":"2025-05-01T11:22:53","guid":{"rendered":"https:\/\/fe-kom.mk\/?post_type=product&#038;p=537"},"modified":"2025-05-14T12:00:23","modified_gmt":"2025-05-14T12:00:23","slug":"anesor-50x20x6cm","status":"publish","type":"product","link":"https:\/\/fe-kom.mk\/sq\/produktet-2\/anesor-50x20x6cm\/","title":{"rendered":"An\u00ebsor 50X20X6CM"},"content":{"rendered":"","protected":false},"excerpt":{"rendered":"<p>ANS 50x20x6 cm i referohet nj\u00eb elementi nd\u00ebrtimi t\u00eb shesht\u00eb, zakonisht t\u00eb b\u00ebr\u00eb nga beton dekorativ, i p\u00ebrdorur p\u00ebr shtrim horizontal, trotuare, hap\u00ebsira, oborre ose sip\u00ebrfaqe t\u00eb shtruara.<\/p>\n<p>\u2022 Gjat\u00ebsia: 50 cm<\/p>\n<p>\u2022 Gjer\u00ebsia: 20 cm<\/p>\n<p>\u2022 Trash\u00ebsia: 6 cm<\/p>\n<p>Ato jan\u00eb rezistente ndaj kushteve t\u00eb motit dhe p\u00ebrdoren n\u00eb kopshte ose hyrje makinash, trotuare, rrethime vazosh ose hap\u00ebsira dekorative.<\/p>","protected":false},"featured_media":535,"template":"","meta":[],"product_brand":[],"product_cat":[28],"product_tag":[],"class_list":{"0":"post-537","1":"product","2":"type-product","3":"status-publish","4":"has-post-thumbnail","6":"product_cat-curb","8":"first","9":"instock","10":"shipping-taxable","11":"product-type-simple"},"_links":{"self":[{"href":"https:\/\/fe-kom.mk\/sq\/wp-json\/wp\/v2\/product\/537","targetHints":{"allow":["GET"]}}],"collection":[{"href":"https:\/\/fe-kom.mk\/sq\/wp-json\/wp\/v2\/product"}],"about":[{"href":"https:\/\/fe-kom.mk\/sq\/wp-json\/wp\/v2\/types\/product"}],"wp:featuredmedia":[{"embeddable":true,"href":"https:\/\/fe-kom.mk\/sq\/wp-json\/wp\/v2\/media\/535"}],"wp:attachment":[{"href":"https:\/\/fe-kom.mk\/sq\/wp-json\/wp\/v2\/media?parent=537"}],"wp:term":[{"taxonomy":"product_brand","embeddable":true,"href":"https:\/\/fe-kom.mk\/sq\/wp-json\/wp\/v2\/product_brand?post=537"},{"taxonomy":"product_cat","embeddable":true,"href":"https:\/\/fe-kom.mk\/sq\/wp-json\/wp\/v2\/product_cat?post=537"},{"taxonomy":"product_tag","embeddable":true,"href":"https:\/\/fe-kom.mk\/sq\/wp-json\/wp\/v2\/product_tag?post=537"}],"curies":[{"name":"wp","href":"https:\/\/api.w.org\/{rel}","templated":true}]}}