{"id":533,"date":"2025-05-01T11:07:27","date_gmt":"2025-05-01T11:07:27","guid":{"rendered":"https:\/\/fe-kom.mk\/?post_type=product&#038;p=533"},"modified":"2025-05-14T12:00:44","modified_gmt":"2025-05-14T12:00:44","slug":"anesor-80x24x18cm","status":"publish","type":"product","link":"https:\/\/fe-kom.mk\/sq\/produktet-2\/anesor-80x24x18cm\/","title":{"rendered":"An\u00ebsor 80X24X18CM"},"content":{"rendered":"","protected":false},"excerpt":{"rendered":"<p>ANS 80x24x18 cm i referohet nj\u00eb elementi nd\u00ebrtimi dekorativ ose konstruktiv, ku dimensionet jan\u00eb:<\/p>\n<p>\u2022 Length: 80 cm<\/p>\n<p>\u2022 Lart\u00ebsia: 24 cm<\/p>\n<p>\u2022 Thell\u00ebsia (gjer\u00ebsia): 18 cm<\/p>\n<p>P\u00ebrdoret shpesh si nj\u00eb element rrethues ose ndar\u00ebs dhe si nj\u00eb mb\u00ebshtet\u00ebs nd\u00ebrtimi an\u00ebsor. \u00cbsht\u00eb rezistent ndaj ngricave dhe kushteve t\u00eb tjera atmosferike<\/p>","protected":false},"featured_media":536,"template":"","meta":[],"product_brand":[],"product_cat":[28],"product_tag":[],"class_list":{"0":"post-533","1":"product","2":"type-product","3":"status-publish","4":"has-post-thumbnail","6":"product_cat-curb","8":"first","9":"instock","10":"shipping-taxable","11":"product-type-simple"},"_links":{"self":[{"href":"https:\/\/fe-kom.mk\/sq\/wp-json\/wp\/v2\/product\/533","targetHints":{"allow":["GET"]}}],"collection":[{"href":"https:\/\/fe-kom.mk\/sq\/wp-json\/wp\/v2\/product"}],"about":[{"href":"https:\/\/fe-kom.mk\/sq\/wp-json\/wp\/v2\/types\/product"}],"wp:featuredmedia":[{"embeddable":true,"href":"https:\/\/fe-kom.mk\/sq\/wp-json\/wp\/v2\/media\/536"}],"wp:attachment":[{"href":"https:\/\/fe-kom.mk\/sq\/wp-json\/wp\/v2\/media?parent=533"}],"wp:term":[{"taxonomy":"product_brand","embeddable":true,"href":"https:\/\/fe-kom.mk\/sq\/wp-json\/wp\/v2\/product_brand?post=533"},{"taxonomy":"product_cat","embeddable":true,"href":"https:\/\/fe-kom.mk\/sq\/wp-json\/wp\/v2\/product_cat?post=533"},{"taxonomy":"product_tag","embeddable":true,"href":"https:\/\/fe-kom.mk\/sq\/wp-json\/wp\/v2\/product_tag?post=533"}],"curies":[{"name":"wp","href":"https:\/\/api.w.org\/{rel}","templated":true}]}}