{"id":531,"date":"2025-05-01T10:52:16","date_gmt":"2025-05-01T10:52:16","guid":{"rendered":"https:\/\/fe-kom.mk\/?post_type=product&#038;p=531"},"modified":"2025-05-14T12:04:07","modified_gmt":"2025-05-14T12:04:07","slug":"oxhak-kb3-2","status":"publish","type":"product","link":"https:\/\/fe-kom.mk\/sq\/produktet-2\/oxhak-kb3-2\/","title":{"rendered":"Oxhak KB3"},"content":{"rendered":"","protected":false},"excerpt":{"rendered":"<p>Nj\u00eb oxhak me 3 vrima \u00ebsht\u00eb nj\u00eb sistem nd\u00ebrtimi q\u00eb p\u00ebrfshin tre kanale t\u00eb ve\u00e7anta tymi (tymi) brenda nj\u00eb strukture t\u00eb vetme oxhaku.<\/p>\n<p>Kur nevojitet nj\u00eb oxhak me 3 vrima<\/p>\n<p>\u2022 N\u00eb sht\u00ebpit\u00eb me m\u00eb shum\u00eb se 2 burime nxeht\u00ebsie (sob\u00eb, oxhak, bojler, etj.)<\/p>\n<p>\u2022 Kur p\u00ebrdoren funksione t\u00eb ndryshme: nj\u00eb p\u00ebr sob\u00ebn, nj\u00eb p\u00ebr ngroh\u00ebsin e ujit dhe nj\u00eb p\u00ebr ajrosjen<\/p>\n<p>\u2022 N\u00eb rastet kur k\u00ebrkohet rezerv\u00eb ose ndarja e zon\u00ebs<\/p>","protected":false},"featured_media":530,"template":"","meta":[],"product_brand":[],"product_cat":[30],"product_tag":[],"class_list":{"0":"post-531","1":"product","2":"type-product","3":"status-publish","4":"has-post-thumbnail","6":"product_cat-chimney","8":"first","9":"instock","10":"shipping-taxable","11":"product-type-simple"},"_links":{"self":[{"href":"https:\/\/fe-kom.mk\/sq\/wp-json\/wp\/v2\/product\/531","targetHints":{"allow":["GET"]}}],"collection":[{"href":"https:\/\/fe-kom.mk\/sq\/wp-json\/wp\/v2\/product"}],"about":[{"href":"https:\/\/fe-kom.mk\/sq\/wp-json\/wp\/v2\/types\/product"}],"wp:featuredmedia":[{"embeddable":true,"href":"https:\/\/fe-kom.mk\/sq\/wp-json\/wp\/v2\/media\/530"}],"wp:attachment":[{"href":"https:\/\/fe-kom.mk\/sq\/wp-json\/wp\/v2\/media?parent=531"}],"wp:term":[{"taxonomy":"product_brand","embeddable":true,"href":"https:\/\/fe-kom.mk\/sq\/wp-json\/wp\/v2\/product_brand?post=531"},{"taxonomy":"product_cat","embeddable":true,"href":"https:\/\/fe-kom.mk\/sq\/wp-json\/wp\/v2\/product_cat?post=531"},{"taxonomy":"product_tag","embeddable":true,"href":"https:\/\/fe-kom.mk\/sq\/wp-json\/wp\/v2\/product_tag?post=531"}],"curies":[{"name":"wp","href":"https:\/\/api.w.org\/{rel}","templated":true}]}}