{"id":527,"date":"2025-05-01T10:51:40","date_gmt":"2025-05-01T10:51:40","guid":{"rendered":"https:\/\/fe-kom.mk\/?post_type=product&#038;p=527"},"modified":"2025-05-14T12:04:18","modified_gmt":"2025-05-14T12:04:18","slug":"oxhak-kb-2","status":"publish","type":"product","link":"https:\/\/fe-kom.mk\/sq\/produktet-2\/oxhak-kb-2\/","title":{"rendered":"Oxhak KB 2"},"content":{"rendered":"","protected":false},"excerpt":{"rendered":"<p>Oxhaqet me 2 vrima jan\u00eb struktura t\u00eb nd\u00ebrtuara me dy kanale tymi t\u00eb ve\u00e7anta, q\u00eb sh\u00ebrbejn\u00eb p\u00ebr funksione t\u00eb ndryshme ose p\u00ebr t\u00eb ndar\u00eb rrjedhat e ajrit dhe tymit. Ky lloj oxhaku p\u00ebrdoret shpesh n\u00eb:<\/p>\n<p class=\"translation-block\">\u2022 Sht\u00ebpi private me m\u00eb shum\u00eb se nj\u00eb burim ngrohjeje<br>\n\u2022 Nd\u00ebrtesa banimi me dy nj\u00ebsi (dy apartamente q\u00eb ndajn\u00eb t\u00eb nj\u00ebjtin oxhak<br>\n\u2022 Nd\u00ebrtesat me soba ose oxhaqe t\u00eb ve\u00e7anta<\/p>","protected":false},"featured_media":529,"template":"","meta":[],"product_brand":[],"product_cat":[30],"product_tag":[],"class_list":{"0":"post-527","1":"product","2":"type-product","3":"status-publish","4":"has-post-thumbnail","6":"product_cat-chimney","8":"first","9":"instock","10":"shipping-taxable","11":"product-type-simple"},"_links":{"self":[{"href":"https:\/\/fe-kom.mk\/sq\/wp-json\/wp\/v2\/product\/527","targetHints":{"allow":["GET"]}}],"collection":[{"href":"https:\/\/fe-kom.mk\/sq\/wp-json\/wp\/v2\/product"}],"about":[{"href":"https:\/\/fe-kom.mk\/sq\/wp-json\/wp\/v2\/types\/product"}],"wp:featuredmedia":[{"embeddable":true,"href":"https:\/\/fe-kom.mk\/sq\/wp-json\/wp\/v2\/media\/529"}],"wp:attachment":[{"href":"https:\/\/fe-kom.mk\/sq\/wp-json\/wp\/v2\/media?parent=527"}],"wp:term":[{"taxonomy":"product_brand","embeddable":true,"href":"https:\/\/fe-kom.mk\/sq\/wp-json\/wp\/v2\/product_brand?post=527"},{"taxonomy":"product_cat","embeddable":true,"href":"https:\/\/fe-kom.mk\/sq\/wp-json\/wp\/v2\/product_cat?post=527"},{"taxonomy":"product_tag","embeddable":true,"href":"https:\/\/fe-kom.mk\/sq\/wp-json\/wp\/v2\/product_tag?post=527"}],"curies":[{"name":"wp","href":"https:\/\/api.w.org\/{rel}","templated":true}]}}