{"id":524,"date":"2025-05-01T10:48:01","date_gmt":"2025-05-01T10:48:01","guid":{"rendered":"https:\/\/fe-kom.mk\/?post_type=product&#038;p=524"},"modified":"2025-05-14T12:05:13","modified_gmt":"2025-05-14T12:05:13","slug":"perzierje-e-ngjyrave-te-tullave","status":"publish","type":"product","link":"https:\/\/fe-kom.mk\/sq\/produktet-2\/perzierje-e-ngjyrave-te-tullave\/","title":{"rendered":"P\u00ebrzierje e ngjyrave t\u00eb tullave"},"content":{"rendered":"","protected":false},"excerpt":{"rendered":"<p>Tullat \u201cColormix\u201d jan\u00eb nj\u00eb zgjedhje moderne dhe estetike n\u00eb nd\u00ebrtim dhe asfaltim, t\u00eb cilat dallohen p\u00ebr ngjyrosjen e tyre t\u00eb p\u00ebrzier \u2013 pra \u00e7do tull\u00eb ka nuanca t\u00eb ndryshme ngjyrash brenda vetes, duke krijuar nj\u00eb efekt vizual dinamik dhe natyral me p\u00ebrmasa 20\u00d740. \u00c7do tull\u00eb \u00ebsht\u00eb unike n\u00eb dizajnin e saj, k\u00ebshtu q\u00eb kur vendosen s\u00eb bashku, ato krijojn\u00eb nj\u00eb sip\u00ebrfaqe me nj\u00eb efekt natyral dhe t\u00eb pabarabart\u00eb - shum\u00eb t\u00ebrheq\u00ebs vizualisht!<\/p>","protected":false},"featured_media":525,"template":"","meta":[],"product_brand":[],"product_cat":[31],"product_tag":[],"class_list":{"0":"post-524","1":"product","2":"type-product","3":"status-publish","4":"has-post-thumbnail","6":"product_cat-brick","8":"first","9":"instock","10":"shipping-taxable","11":"product-type-simple"},"_links":{"self":[{"href":"https:\/\/fe-kom.mk\/sq\/wp-json\/wp\/v2\/product\/524","targetHints":{"allow":["GET"]}}],"collection":[{"href":"https:\/\/fe-kom.mk\/sq\/wp-json\/wp\/v2\/product"}],"about":[{"href":"https:\/\/fe-kom.mk\/sq\/wp-json\/wp\/v2\/types\/product"}],"wp:featuredmedia":[{"embeddable":true,"href":"https:\/\/fe-kom.mk\/sq\/wp-json\/wp\/v2\/media\/525"}],"wp:attachment":[{"href":"https:\/\/fe-kom.mk\/sq\/wp-json\/wp\/v2\/media?parent=524"}],"wp:term":[{"taxonomy":"product_brand","embeddable":true,"href":"https:\/\/fe-kom.mk\/sq\/wp-json\/wp\/v2\/product_brand?post=524"},{"taxonomy":"product_cat","embeddable":true,"href":"https:\/\/fe-kom.mk\/sq\/wp-json\/wp\/v2\/product_cat?post=524"},{"taxonomy":"product_tag","embeddable":true,"href":"https:\/\/fe-kom.mk\/sq\/wp-json\/wp\/v2\/product_tag?post=524"}],"curies":[{"name":"wp","href":"https:\/\/api.w.org\/{rel}","templated":true}]}}