{"id":521,"date":"2025-05-01T10:43:46","date_gmt":"2025-05-01T10:43:46","guid":{"rendered":"https:\/\/fe-kom.mk\/?post_type=product&#038;p=521"},"modified":"2025-05-21T14:13:32","modified_gmt":"2025-05-21T14:13:32","slug":"vase-33x30","status":"publish","type":"product","link":"https:\/\/fe-kom.mk\/sq\/produktet-2\/vase-33x30\/","title":{"rendered":"Vazo 33X10"},"content":{"rendered":"","protected":false},"excerpt":{"rendered":"<p>Vazo 33\u00d730 cm \u2013 madh\u00ebsi ideale p\u00ebr lule dekorative ose bim\u00eb t\u00eb vogla\/mesatare, si livando, lule t\u00eb stin\u00ebs apo edhe disa bim\u00eb aromatike<\/p>","protected":false},"featured_media":522,"template":"","meta":[],"product_brand":[],"product_cat":[32],"product_tag":[],"class_list":{"0":"post-521","1":"product","2":"type-product","3":"status-publish","4":"has-post-thumbnail","6":"product_cat-vase","8":"first","9":"instock","10":"featured","11":"shipping-taxable","12":"product-type-simple"},"_links":{"self":[{"href":"https:\/\/fe-kom.mk\/sq\/wp-json\/wp\/v2\/product\/521","targetHints":{"allow":["GET"]}}],"collection":[{"href":"https:\/\/fe-kom.mk\/sq\/wp-json\/wp\/v2\/product"}],"about":[{"href":"https:\/\/fe-kom.mk\/sq\/wp-json\/wp\/v2\/types\/product"}],"wp:featuredmedia":[{"embeddable":true,"href":"https:\/\/fe-kom.mk\/sq\/wp-json\/wp\/v2\/media\/522"}],"wp:attachment":[{"href":"https:\/\/fe-kom.mk\/sq\/wp-json\/wp\/v2\/media?parent=521"}],"wp:term":[{"taxonomy":"product_brand","embeddable":true,"href":"https:\/\/fe-kom.mk\/sq\/wp-json\/wp\/v2\/product_brand?post=521"},{"taxonomy":"product_cat","embeddable":true,"href":"https:\/\/fe-kom.mk\/sq\/wp-json\/wp\/v2\/product_cat?post=521"},{"taxonomy":"product_tag","embeddable":true,"href":"https:\/\/fe-kom.mk\/sq\/wp-json\/wp\/v2\/product_tag?post=521"}],"curies":[{"name":"wp","href":"https:\/\/api.w.org\/{rel}","templated":true}]}}