{"id":513,"date":"2025-04-30T15:59:06","date_gmt":"2025-04-30T15:59:06","guid":{"rendered":"https:\/\/fe-kom.mk\/?post_type=product&#038;p=513"},"modified":"2025-05-14T12:11:07","modified_gmt":"2025-05-14T12:11:07","slug":"bekaton-sinus","status":"publish","type":"product","link":"https:\/\/fe-kom.mk\/sq\/produktet-2\/bekaton-sinus\/","title":{"rendered":"Bekaton Sinus"},"content":{"rendered":"","protected":false},"excerpt":{"rendered":"<p>Kupolat sinusale jan\u00eb kupola betoni me form\u00eb t\u00eb val\u00ebzuar, t\u00eb quajtura k\u00ebshtu sepse konturet e tyre an\u00ebsore ndjekin nj\u00eb trajektore t\u00eb ngjashme me val\u00ebt sinusoidale (si val\u00ebt). Ato p\u00ebrshtaten n\u00eb m\u00ebnyr\u00eb t\u00eb p\u00ebrkryer s\u00eb bashku p\u00ebr t\u00eb krijuar nj\u00eb efekt vale n\u00eb sip\u00ebrfaqe.<\/p>\n<p>Karakteristikat teknike:<\/p>\n<p>\u2022 Forma: E val\u00ebzuar (me skaje n\u00eb form\u00eb sinusoidale)<\/p>\n<p>\u2022 Materiali: Beton i fort\u00eb, ndonj\u00ebher\u00eb i ngjyrosur<\/p>\n<p>\u2022 P\u00ebrdorimi: Trotuare, sheshe publike, rrugica, kopshte<\/p>\n<p>\u2022 Estetika: Jep nj\u00eb efekt vizual l\u00ebvizjeje dhe elegance<\/p>\n<p>\u2022 Instalimi: Montohet duke u nd\u00ebrlidhur (si nj\u00eb \"puzzle\")<\/p>\n<p>\u2022 Sasia: 24 cop\u00eb p\u00ebr m\u00b2<\/p>","protected":false},"featured_media":504,"template":"","meta":[],"product_brand":[],"product_cat":[29],"product_tag":[],"class_list":{"0":"post-513","1":"product","2":"type-product","3":"status-publish","4":"has-post-thumbnail","6":"product_cat-paving-block","8":"first","9":"instock","10":"shipping-taxable","11":"product-type-simple"},"_links":{"self":[{"href":"https:\/\/fe-kom.mk\/sq\/wp-json\/wp\/v2\/product\/513","targetHints":{"allow":["GET"]}}],"collection":[{"href":"https:\/\/fe-kom.mk\/sq\/wp-json\/wp\/v2\/product"}],"about":[{"href":"https:\/\/fe-kom.mk\/sq\/wp-json\/wp\/v2\/types\/product"}],"wp:featuredmedia":[{"embeddable":true,"href":"https:\/\/fe-kom.mk\/sq\/wp-json\/wp\/v2\/media\/504"}],"wp:attachment":[{"href":"https:\/\/fe-kom.mk\/sq\/wp-json\/wp\/v2\/media?parent=513"}],"wp:term":[{"taxonomy":"product_brand","embeddable":true,"href":"https:\/\/fe-kom.mk\/sq\/wp-json\/wp\/v2\/product_brand?post=513"},{"taxonomy":"product_cat","embeddable":true,"href":"https:\/\/fe-kom.mk\/sq\/wp-json\/wp\/v2\/product_cat?post=513"},{"taxonomy":"product_tag","embeddable":true,"href":"https:\/\/fe-kom.mk\/sq\/wp-json\/wp\/v2\/product_tag?post=513"}],"curies":[{"name":"wp","href":"https:\/\/api.w.org\/{rel}","templated":true}]}}