{"id":512,"date":"2025-04-30T15:55:03","date_gmt":"2025-04-30T15:55:03","guid":{"rendered":"https:\/\/fe-kom.mk\/?post_type=product&#038;p=512"},"modified":"2025-05-14T12:11:44","modified_gmt":"2025-05-14T12:11:44","slug":"bekaton-piramid","status":"publish","type":"product","link":"https:\/\/fe-kom.mk\/sq\/produktet-2\/bekaton-piramid\/","title":{"rendered":"Bekaton Piramid"},"content":{"rendered":"","protected":false},"excerpt":{"rendered":"<p>K\u00ebto jan\u00eb kupola me baz\u00eb katrore, por ndryshe nga ato t\u00eb zakonshmet, sip\u00ebrfaqja e tyre e sip\u00ebrme \u00ebsht\u00eb piramidale - pak e ngritur n\u00eb mes, ose me forma trek\u00ebnd\u00ebshe q\u00eb ngrihen si maja. Lejon rrjedhje m\u00eb t\u00eb mir\u00eb t\u00eb ujit (fal\u00eb pjerr\u00ebsis\u00eb), Jep nj\u00eb efekt 3D dhe estetik kur vendoset n\u00eb sip\u00ebrfaqe t\u00eb m\u00ebdha, Jo-rr\u00ebshqit\u00ebse - e p\u00ebrshtatshme p\u00ebr zona me shi ose lag\u00ebshtir\u00eb.<\/p>\n<p>P\u00ebrdorimet tipik:<\/p>\n<p>1. Zona e kalimit p\u00ebr k\u00ebmb\u00ebsor\u00eb<\/p>\n<p>2. Oborre dekorative<\/p>\n<p>3. Perimetri i trotuarit<\/p>\n<p>4. Vija ndar\u00ebse ose theksuese n\u00eb rrug\u00ebt e shtruara<\/p>\n<p>Karakteristikat teknike:<\/p>\n<p>\u2022 P\u00ebrmasat: 23x28x9.5\u00d76 cm<\/p>\n<p>\u2022 Forma: Baz\u00eb katrore me nj\u00eb piramid\u00eb t\u00eb vog\u00ebl n\u00eb sip\u00ebrfaqe<\/p>\n<p>\u2022 Materiali: Beton i fort\u00eb, shpesh gri natyral ose me ngjyra<\/p>\n<p>\u2022 Pesha: rreth 4-6 kg p\u00ebr cop\u00eb<\/p>\n<p>\u2022 Sasia: 21 cop\u00eb p\u00ebr m\u00b2<\/p>","protected":false},"featured_media":503,"template":"","meta":[],"product_brand":[],"product_cat":[29],"product_tag":[],"class_list":{"0":"post-512","1":"product","2":"type-product","3":"status-publish","4":"has-post-thumbnail","6":"product_cat-paving-block","8":"first","9":"instock","10":"shipping-taxable","11":"product-type-simple"},"_links":{"self":[{"href":"https:\/\/fe-kom.mk\/sq\/wp-json\/wp\/v2\/product\/512","targetHints":{"allow":["GET"]}}],"collection":[{"href":"https:\/\/fe-kom.mk\/sq\/wp-json\/wp\/v2\/product"}],"about":[{"href":"https:\/\/fe-kom.mk\/sq\/wp-json\/wp\/v2\/types\/product"}],"wp:featuredmedia":[{"embeddable":true,"href":"https:\/\/fe-kom.mk\/sq\/wp-json\/wp\/v2\/media\/503"}],"wp:attachment":[{"href":"https:\/\/fe-kom.mk\/sq\/wp-json\/wp\/v2\/media?parent=512"}],"wp:term":[{"taxonomy":"product_brand","embeddable":true,"href":"https:\/\/fe-kom.mk\/sq\/wp-json\/wp\/v2\/product_brand?post=512"},{"taxonomy":"product_cat","embeddable":true,"href":"https:\/\/fe-kom.mk\/sq\/wp-json\/wp\/v2\/product_cat?post=512"},{"taxonomy":"product_tag","embeddable":true,"href":"https:\/\/fe-kom.mk\/sq\/wp-json\/wp\/v2\/product_tag?post=512"}],"curies":[{"name":"wp","href":"https:\/\/api.w.org\/{rel}","templated":true}]}}