{"id":510,"date":"2025-04-30T15:41:23","date_gmt":"2025-04-30T15:41:23","guid":{"rendered":"https:\/\/fe-kom.mk\/?post_type=product&#038;p=510"},"modified":"2025-05-14T12:13:22","modified_gmt":"2025-05-14T12:13:22","slug":"bekaton-30x60x6cm","status":"publish","type":"product","link":"https:\/\/fe-kom.mk\/sq\/produktet-2\/bekaton-30x60x6cm\/","title":{"rendered":"Bekaton 30X60X6CM"},"content":{"rendered":"","protected":false},"excerpt":{"rendered":"<p>Kupola e betonit me p\u00ebrmasa 30x60x6 cm \u00ebsht\u00eb nj\u00eb element i madh dhe modern, i p\u00ebrdorur gjer\u00ebsisht n\u00eb hap\u00ebsirat urbane, oborret elegante ose sheshet publike, ku k\u00ebrkohet nj\u00eb dizajn minimal, linear dhe efektiv p\u00ebr mbulim t\u00eb shpejt\u00eb t\u00eb sip\u00ebrfaqes.<\/p>\n<p>P\u00ebrdorimet tipik:<\/p>\n<p>1. Shtrimi i oborreve dhe vilave luksoze<\/p>\n<p>2. Modern public areas (squares, rest areas)<\/p>\n<p>3. Tarraca, kalldr\u00ebm ose zona p\u00ebr k\u00ebmb\u00ebsor\u00eb<\/p>\n<p>4. Hap\u00ebsira kafenesh ose restorantesh n\u00eb natyr\u00eb<\/p>\n<p>Karakteristikat teknike:<\/p>\n<p>\u2022 P\u00ebrmasat: 30 cm (gjer\u00ebsi) x 60 cm (gjat\u00ebsi) x 6 cm (trash\u00ebsi)<\/p>\n<p>\u2022 Forma: Drejtk\u00ebnd\u00ebshe, me skaje t\u00eb drejta<\/p>\n<p>\u2022 Materiali: Beton i p\u00ebrforcuar ose i trajtuar nga moti<\/p>\n<p>\u2022 Ngjyra: Gri natyrale ose n\u00eb ngjyra t\u00eb ndryshme dekorative (antracit, bezh\u00eb, terrakota, etj.)<\/p>\n<p>\u2022 Pesha: Rreth 23-27 kg p\u00ebr cop\u00eb (n\u00eb var\u00ebsi t\u00eb dend\u00ebsis\u00eb s\u00eb betonit)<\/p>\n<p>\u2022 Sasia: 5.55 cop\u00eb p\u00ebr m\u00b2<\/p>","protected":false},"featured_media":500,"template":"","meta":[],"product_brand":[],"product_cat":[29],"product_tag":[],"class_list":{"0":"post-510","1":"product","2":"type-product","3":"status-publish","4":"has-post-thumbnail","6":"product_cat-paving-block","8":"first","9":"instock","10":"shipping-taxable","11":"product-type-simple"},"_links":{"self":[{"href":"https:\/\/fe-kom.mk\/sq\/wp-json\/wp\/v2\/product\/510","targetHints":{"allow":["GET"]}}],"collection":[{"href":"https:\/\/fe-kom.mk\/sq\/wp-json\/wp\/v2\/product"}],"about":[{"href":"https:\/\/fe-kom.mk\/sq\/wp-json\/wp\/v2\/types\/product"}],"wp:featuredmedia":[{"embeddable":true,"href":"https:\/\/fe-kom.mk\/sq\/wp-json\/wp\/v2\/media\/500"}],"wp:attachment":[{"href":"https:\/\/fe-kom.mk\/sq\/wp-json\/wp\/v2\/media?parent=510"}],"wp:term":[{"taxonomy":"product_brand","embeddable":true,"href":"https:\/\/fe-kom.mk\/sq\/wp-json\/wp\/v2\/product_brand?post=510"},{"taxonomy":"product_cat","embeddable":true,"href":"https:\/\/fe-kom.mk\/sq\/wp-json\/wp\/v2\/product_cat?post=510"},{"taxonomy":"product_tag","embeddable":true,"href":"https:\/\/fe-kom.mk\/sq\/wp-json\/wp\/v2\/product_tag?post=510"}],"curies":[{"name":"wp","href":"https:\/\/api.w.org\/{rel}","templated":true}]}}