{"id":509,"date":"2025-04-30T15:19:09","date_gmt":"2025-04-30T15:19:09","guid":{"rendered":"https:\/\/fe-kom.mk\/?post_type=product&#038;p=509"},"modified":"2025-05-14T12:13:36","modified_gmt":"2025-05-14T12:13:36","slug":"bekaton-40x40x6cm","status":"publish","type":"product","link":"https:\/\/fe-kom.mk\/sq\/produktet-2\/bekaton-40x40x6cm\/","title":{"rendered":"Bekaton 40X40X6CM"},"content":{"rendered":"","protected":false},"excerpt":{"rendered":"<p>Kupola prej betoni 40x40x6 cm \u00ebsht\u00eb nj\u00eb nga format m\u00eb t\u00eb m\u00ebdha dhe m\u00eb dekorative, e p\u00ebrdorur shpesh n\u00eb mjedise q\u00eb k\u00ebrkojn\u00eb nj\u00eb pamje t\u00eb past\u00ebr, moderne dhe uniforme, si\u00e7 jan\u00eb oborret private, trotuaret me nj\u00eb dizajn minimalist ose zonat e pushimit n\u00eb hap\u00ebsirat publike. \u00cbsht\u00eb ideale p\u00ebr projekte q\u00eb k\u00ebrkojn\u00eb shpejt\u00ebsi n\u00eb shtrim, pak vija ndar\u00ebse (nyje) dhe nj\u00eb pamje unike.<\/p>\n<p>P\u00ebrdorimet tipik:<\/p>\n<p>1. Oborret e sht\u00ebpive dhe vilave<\/p>\n<p>2. Zona publike si sheshe ose zona rekreative<\/p>\n<p>3. Tarraca dhe kopshte me dizajn modern<\/p>\n<p>4. Shtrimi q\u00eb k\u00ebrkon vija t\u00eb pastra dhe t\u00eb drejta<\/p>\n<p>Karakteristikat teknike:<\/p>\n<p>\u2022 P\u00ebrmasat: 40x40x6 cm<\/p>\n<p>\u2022 Forma: Katrore<\/p>\n<p>\u2022 Materiali: Beton i fort\u00eb, rezistent ndaj kushteve t\u00eb motit, ngric\u00ebs dhe konsumimit<\/p>\n<p>\u2022 Ngjyra: Gri natyrale e bardh\u00eb, por mund t\u00eb prodhohet edhe n\u00eb ngjyra t\u00eb tjera (e zez\u00eb, bezh\u00eb, ngjyr\u00eb r\u00ebre, etj.)<\/p>\n<p>\u2022 Pesha: Rreth 15-17 kg<\/p>\n<p>\u2022 Sasia: 6.25 cop\u00eb p\u00ebr m\u00b2<\/p>","protected":false},"featured_media":501,"template":"","meta":[],"product_brand":[],"product_cat":[29],"product_tag":[],"class_list":{"0":"post-509","1":"product","2":"type-product","3":"status-publish","4":"has-post-thumbnail","6":"product_cat-paving-block","8":"first","9":"instock","10":"shipping-taxable","11":"product-type-simple"},"_links":{"self":[{"href":"https:\/\/fe-kom.mk\/sq\/wp-json\/wp\/v2\/product\/509","targetHints":{"allow":["GET"]}}],"collection":[{"href":"https:\/\/fe-kom.mk\/sq\/wp-json\/wp\/v2\/product"}],"about":[{"href":"https:\/\/fe-kom.mk\/sq\/wp-json\/wp\/v2\/types\/product"}],"wp:featuredmedia":[{"embeddable":true,"href":"https:\/\/fe-kom.mk\/sq\/wp-json\/wp\/v2\/media\/501"}],"wp:attachment":[{"href":"https:\/\/fe-kom.mk\/sq\/wp-json\/wp\/v2\/media?parent=509"}],"wp:term":[{"taxonomy":"product_brand","embeddable":true,"href":"https:\/\/fe-kom.mk\/sq\/wp-json\/wp\/v2\/product_brand?post=509"},{"taxonomy":"product_cat","embeddable":true,"href":"https:\/\/fe-kom.mk\/sq\/wp-json\/wp\/v2\/product_cat?post=509"},{"taxonomy":"product_tag","embeddable":true,"href":"https:\/\/fe-kom.mk\/sq\/wp-json\/wp\/v2\/product_tag?post=509"}],"curies":[{"name":"wp","href":"https:\/\/api.w.org\/{rel}","templated":true}]}}