{"id":508,"date":"2025-04-30T15:12:59","date_gmt":"2025-04-30T15:12:59","guid":{"rendered":"https:\/\/fe-kom.mk\/?post_type=product&#038;p=508"},"modified":"2025-05-14T12:14:57","modified_gmt":"2025-05-14T12:14:57","slug":"bekaton-20x40x6cm","status":"publish","type":"product","link":"https:\/\/fe-kom.mk\/sq\/produktet-2\/bekaton-20x40x6cm\/","title":{"rendered":"Bekaton 20X40X6CM"},"content":{"rendered":"","protected":false},"excerpt":{"rendered":"<p>Kupola e betonit me dimensione 20 cm t\u00eb gjer\u00eb, 40 cm t\u00eb gjat\u00eb dhe 6 cm t\u00eb trash\u00eb \u00ebsht\u00eb projektuar p\u00ebr shtrimin e sip\u00ebrfaqeve t\u00eb jashtme, duke kombinuar funksionalitetin me dizajnin modern. Forma e saj e zgjatur lejon shtrimin n\u00eb modele t\u00eb ndryshme si lineare, shah-tabel\u00eb ose parket (kurriz peshku). I p\u00ebrshtatsh\u00ebm p\u00ebr kombinim me kupola 20\u00d720, 20\u00d730 p\u00ebr efekte vizuale.<\/p>\n<p>P\u00ebrdorimet tipik:<\/p>\n<p>1. Trotuaret dhe shtigjet p\u00ebr k\u00ebmb\u00ebsor\u00eb<\/p>\n<p>2. Oborre banimi dhe komplekse banimi<\/p>\n<p>3. Zona komerciale ose publike me ngarkes\u00eb t\u00eb moderuar<\/p>\n<p>4. Kombinim me kube t\u00eb tjera p\u00ebr dizajne gjeometrike<\/p>\n<p>Karakteristikat teknike:<\/p>\n<p>\u2022 P\u00ebrmasat: 20 cm (gjer\u00ebsi) x 40 cm (gjat\u00ebsi) x 6 cm (trash\u00ebsi)<\/p>\n<p>Forma: Drejtk\u00ebnd\u00ebshe<\/p>\n<p>\u2022 Materiali: Beton me cil\u00ebsi t\u00eb lart\u00eb, rezistent ndaj ngric\u00ebs, lag\u00ebshtir\u00ebs dhe konsumimit<\/p>\n<p>\u2022 Ngjyra: Zakonisht gri natyrale, por mund t\u00eb jet\u00eb edhe n\u00eb ngjyra t\u00eb tjera (e kuqe, bezh\u00eb, antracit, etj.)<\/p>\n<p>\u2022 Pesha: Rreth 10-11 kg (ndryshon n\u00eb var\u00ebsi t\u00eb dend\u00ebsis\u00eb s\u00eb betonit)<\/p>\n<p>\u2022 Sasia: 12.5 cop\u00eb p\u00ebr m\u00b2<\/p>","protected":false},"featured_media":0,"template":"","meta":[],"product_brand":[],"product_cat":[29],"product_tag":[],"class_list":{"0":"post-508","1":"product","2":"type-product","3":"status-publish","5":"product_cat-paving-block","7":"first","8":"instock","9":"shipping-taxable","10":"product-type-simple"},"_links":{"self":[{"href":"https:\/\/fe-kom.mk\/sq\/wp-json\/wp\/v2\/product\/508","targetHints":{"allow":["GET"]}}],"collection":[{"href":"https:\/\/fe-kom.mk\/sq\/wp-json\/wp\/v2\/product"}],"about":[{"href":"https:\/\/fe-kom.mk\/sq\/wp-json\/wp\/v2\/types\/product"}],"wp:attachment":[{"href":"https:\/\/fe-kom.mk\/sq\/wp-json\/wp\/v2\/media?parent=508"}],"wp:term":[{"taxonomy":"product_brand","embeddable":true,"href":"https:\/\/fe-kom.mk\/sq\/wp-json\/wp\/v2\/product_brand?post=508"},{"taxonomy":"product_cat","embeddable":true,"href":"https:\/\/fe-kom.mk\/sq\/wp-json\/wp\/v2\/product_cat?post=508"},{"taxonomy":"product_tag","embeddable":true,"href":"https:\/\/fe-kom.mk\/sq\/wp-json\/wp\/v2\/product_tag?post=508"}],"curies":[{"name":"wp","href":"https:\/\/api.w.org\/{rel}","templated":true}]}}