{"id":506,"date":"2025-04-30T14:54:52","date_gmt":"2025-04-30T14:54:52","guid":{"rendered":"https:\/\/fe-kom.mk\/?post_type=product&#038;p=506"},"modified":"2025-05-14T12:16:58","modified_gmt":"2025-05-14T12:16:58","slug":"bekaton-20x20x6cm","status":"publish","type":"product","link":"https:\/\/fe-kom.mk\/sq\/produktet-2\/bekaton-20x20x6cm\/","title":{"rendered":"Bekaton 20X20X6CM"},"content":{"rendered":"","protected":false},"excerpt":{"rendered":"<p>Kupola e betonit me p\u00ebrmasa 20x20x6 cm \u00ebsht\u00eb nj\u00eb element nd\u00ebrtimi i destinuar kryesisht p\u00ebr shtrimin e trotuareve, shtigjeve t\u00eb kopshtit, oborreve dhe sip\u00ebrfaqeve t\u00eb tjera t\u00eb jashtme q\u00eb k\u00ebrkojn\u00eb rezistenc\u00eb t\u00eb lart\u00eb ndaj ngarkesave dhe kushteve t\u00eb motit. Rezistent ndaj ngric\u00ebs, shiut dhe konsumimit, Montim i leht\u00eb dhe z\u00ebvend\u00ebsim i shpejt\u00eb n\u00eb rast d\u00ebmtimi, Mund t\u00eb kombinohet me kupola t\u00eb formave dhe ngjyrave t\u00eb ndryshme p\u00ebr dizajn krijues.<\/p>\n<p>P\u00ebrdorimet tipik:<\/p>\n<p>1. Shtigje kopshtesh ose rrugica p\u00ebr k\u00ebmb\u00ebsor\u00eb<\/p>\n<p>2. Trotuare publike ose private<\/p>\n<p>3. Shtrime dekorative n\u00eb oborre, tarraca ose hap\u00ebsira tregtare<\/p>\n<p>Karakteristikat teknike:<\/p>\n<p>\u2022 P\u00ebrmasat: 20 cm (gjat\u00ebsia) x 10 cm (gjer\u00ebsia) x 6 cm (trash\u00ebsia)<\/p>\n<p>\u2022 Forma: Katrore<\/p>\n<p>\u2022 Materiali: Beton i fort\u00eb, ndonj\u00ebher\u00eb me p\u00ebrzierje granulash p\u00ebr q\u00ebndrueshm\u00ebri m\u00eb t\u00eb madhe<\/p>\n<p>\u2022 Ngjyra: Zakonisht gri natyrale, por mund t\u00eb ngjyroset edhe sipas k\u00ebrkes\u00ebs<\/p>\n<p>\u2022 Pesha: Rreth 5-6 kg p\u00ebr cop\u00eb (n\u00eb var\u00ebsi t\u00eb p\u00ebrb\u00ebrjes)<\/p>\n<p>\u2022 Sasia: 50 cop\u00eb p\u00ebr m\u00b2<\/p>","protected":false},"featured_media":498,"template":"","meta":[],"product_brand":[],"product_cat":[29],"product_tag":[],"class_list":{"0":"post-506","1":"product","2":"type-product","3":"status-publish","4":"has-post-thumbnail","6":"product_cat-paving-block","8":"first","9":"instock","10":"shipping-taxable","11":"product-type-simple"},"_links":{"self":[{"href":"https:\/\/fe-kom.mk\/sq\/wp-json\/wp\/v2\/product\/506","targetHints":{"allow":["GET"]}}],"collection":[{"href":"https:\/\/fe-kom.mk\/sq\/wp-json\/wp\/v2\/product"}],"about":[{"href":"https:\/\/fe-kom.mk\/sq\/wp-json\/wp\/v2\/types\/product"}],"wp:featuredmedia":[{"embeddable":true,"href":"https:\/\/fe-kom.mk\/sq\/wp-json\/wp\/v2\/media\/498"}],"wp:attachment":[{"href":"https:\/\/fe-kom.mk\/sq\/wp-json\/wp\/v2\/media?parent=506"}],"wp:term":[{"taxonomy":"product_brand","embeddable":true,"href":"https:\/\/fe-kom.mk\/sq\/wp-json\/wp\/v2\/product_brand?post=506"},{"taxonomy":"product_cat","embeddable":true,"href":"https:\/\/fe-kom.mk\/sq\/wp-json\/wp\/v2\/product_cat?post=506"},{"taxonomy":"product_tag","embeddable":true,"href":"https:\/\/fe-kom.mk\/sq\/wp-json\/wp\/v2\/product_tag?post=506"}],"curies":[{"name":"wp","href":"https:\/\/api.w.org\/{rel}","templated":true}]}}