{"id":492,"date":"2025-04-30T14:38:21","date_gmt":"2025-04-30T14:38:21","guid":{"rendered":"https:\/\/fe-kom.mk\/?post_type=product&#038;p=492"},"modified":"2025-05-14T12:17:12","modified_gmt":"2025-05-14T12:17:12","slug":"bekaton-10x20x6cm","status":"publish","type":"product","link":"https:\/\/fe-kom.mk\/sq\/produktet-2\/bekaton-10x20x6cm\/","title":{"rendered":"Bekaton 10X20X6CM"},"content":{"rendered":"","protected":false},"excerpt":{"rendered":"<p>Kupolat prej betoni zakonisht p\u00ebrdoren p\u00ebr punime dekorative, trotuare, bordur\u00eb t\u00eb vegj\u00ebl apo ndarje funksionale n\u00eb hap\u00ebsirat e jashtme. \u00cbsht\u00eb b\u00ebr\u00eb nga nj\u00eb p\u00ebrzierje betoni e q\u00ebndrueshme q\u00eb ofron forc\u00eb dhe rezistenc\u00eb ndaj kushteve t\u00eb motit.<\/p>\n<p>P\u00ebrdorimet tipike:<\/p>\n<p>1. Shtrimi i trotuareve dhe shtigjeve<\/p>\n<p>2. Dekorimi i oborreve dhe kopshteve<\/p>\n<p>3. Muret ose bordurat ndar\u00ebse t\u00eb ul\u00ebta<\/p>\n<p>Karakteristikat teknike:<\/p>\n<p>\u2022 P\u00ebrmasat: 20 cm (gjat\u00ebsia) x 10 cm (gjer\u00ebsia) x 6 cm (trash\u00ebsia)<\/p>\n<p>Forma: Drejtk\u00ebnd\u00ebshe<\/p>\n<p>\u2022 Materiali: Beton i fort\u00eb, ndonj\u00ebher\u00eb me p\u00ebrzierje granulash p\u00ebr q\u00ebndrueshm\u00ebri m\u00eb t\u00eb madhe<\/p>\n<p>\u2022 Ngjyra: Zakonisht gri natyrale, por mund t\u00eb ngjyroset edhe sipas k\u00ebrkes\u00ebs<\/p>\n<p>\u2022 Pesha: Rreth 3-4 kg p\u00ebr cop\u00eb (n\u00eb var\u00ebsi t\u00eb p\u00ebrb\u00ebrjes)<\/p>\n<p>\u2022 Sasia: 50 cop\u00eb p\u00ebr m\u00b2<\/p>","protected":false},"featured_media":490,"template":"","meta":[],"product_brand":[],"product_cat":[29],"product_tag":[],"class_list":{"0":"post-492","1":"product","2":"type-product","3":"status-publish","4":"has-post-thumbnail","6":"product_cat-paving-block","8":"first","9":"instock","10":"shipping-taxable","11":"product-type-simple"},"_links":{"self":[{"href":"https:\/\/fe-kom.mk\/sq\/wp-json\/wp\/v2\/product\/492","targetHints":{"allow":["GET"]}}],"collection":[{"href":"https:\/\/fe-kom.mk\/sq\/wp-json\/wp\/v2\/product"}],"about":[{"href":"https:\/\/fe-kom.mk\/sq\/wp-json\/wp\/v2\/types\/product"}],"wp:featuredmedia":[{"embeddable":true,"href":"https:\/\/fe-kom.mk\/sq\/wp-json\/wp\/v2\/media\/490"}],"wp:attachment":[{"href":"https:\/\/fe-kom.mk\/sq\/wp-json\/wp\/v2\/media?parent=492"}],"wp:term":[{"taxonomy":"product_brand","embeddable":true,"href":"https:\/\/fe-kom.mk\/sq\/wp-json\/wp\/v2\/product_brand?post=492"},{"taxonomy":"product_cat","embeddable":true,"href":"https:\/\/fe-kom.mk\/sq\/wp-json\/wp\/v2\/product_cat?post=492"},{"taxonomy":"product_tag","embeddable":true,"href":"https:\/\/fe-kom.mk\/sq\/wp-json\/wp\/v2\/product_tag?post=492"}],"curies":[{"name":"wp","href":"https:\/\/api.w.org\/{rel}","templated":true}]}}