{"id":537,"date":"2025-05-01T11:22:53","date_gmt":"2025-05-01T11:22:53","guid":{"rendered":"https:\/\/fe-kom.mk\/?post_type=product&#038;p=537"},"modified":"2025-05-14T12:00:23","modified_gmt":"2025-05-14T12:00:23","slug":"ivica-50x20x6cm","status":"publish","type":"product","link":"https:\/\/fe-kom.mk\/mk\/proizvodi-2\/ivica-50x20x6cm\/","title":{"rendered":"Ivica 50X20X6CM"},"content":{"rendered":"","protected":false},"excerpt":{"rendered":"<p>ANS 50x20x6 cm se odnesuva na ramen konstrukciski element, obi\u010dno napraven od dekorativen beton, koj se koristi za horizontalno poplo\u010duvanje, trotoari, prostori, dvorovi ili poplo\u010deni povr\u0161ini.<\/p>\n<p>\u2022 Dol\u017eina: 50 cm<\/p>\n<p>\u2022 \u0160irina: 20 cm<\/p>\n<p>\u2022 Debelina: 6 cm<\/p>\n<p>Tie se otporni na vremenski uslovi i se koristat vo gradini ili vlezovi, trotoari, saksii ili dekorativni prostori<\/p>","protected":false},"featured_media":535,"template":"","meta":[],"product_brand":[],"product_cat":[28],"product_tag":[],"class_list":{"0":"post-537","1":"product","2":"type-product","3":"status-publish","4":"has-post-thumbnail","6":"product_cat-curb","8":"first","9":"instock","10":"shipping-taxable","11":"product-type-simple"},"_links":{"self":[{"href":"https:\/\/fe-kom.mk\/mk\/wp-json\/wp\/v2\/product\/537","targetHints":{"allow":["GET"]}}],"collection":[{"href":"https:\/\/fe-kom.mk\/mk\/wp-json\/wp\/v2\/product"}],"about":[{"href":"https:\/\/fe-kom.mk\/mk\/wp-json\/wp\/v2\/types\/product"}],"wp:featuredmedia":[{"embeddable":true,"href":"https:\/\/fe-kom.mk\/mk\/wp-json\/wp\/v2\/media\/535"}],"wp:attachment":[{"href":"https:\/\/fe-kom.mk\/mk\/wp-json\/wp\/v2\/media?parent=537"}],"wp:term":[{"taxonomy":"product_brand","embeddable":true,"href":"https:\/\/fe-kom.mk\/mk\/wp-json\/wp\/v2\/product_brand?post=537"},{"taxonomy":"product_cat","embeddable":true,"href":"https:\/\/fe-kom.mk\/mk\/wp-json\/wp\/v2\/product_cat?post=537"},{"taxonomy":"product_tag","embeddable":true,"href":"https:\/\/fe-kom.mk\/mk\/wp-json\/wp\/v2\/product_tag?post=537"}],"curies":[{"name":"wp","href":"https:\/\/api.w.org\/{rel}","templated":true}]}}