{"id":533,"date":"2025-05-01T11:07:27","date_gmt":"2025-05-01T11:07:27","guid":{"rendered":"https:\/\/fe-kom.mk\/?post_type=product&#038;p=533"},"modified":"2025-05-14T12:00:44","modified_gmt":"2025-05-14T12:00:44","slug":"ivica-80x24x18cm","status":"publish","type":"product","link":"https:\/\/fe-kom.mk\/mk\/proizvodi-2\/ivica-80x24x18cm\/","title":{"rendered":"Ivica 80X24X18CM"},"content":{"rendered":"","protected":false},"excerpt":{"rendered":"<p>ANS 80x24x18 cm se odnesuva na dekorativen ili konstruktiven grade\u017een element, kade \u0161to dimenziite se:<\/p>\n<p>\u2022 Length: 80 cm<\/p>\n<p>\u2022 Visina: 24 cm<\/p>\n<p>\u2022 Dlabo\u010dina (\u0161irina): 18 cm<\/p>\n<p>\u010cesto se koristi kako okolen ili razdeluva\u010dki element i kako strani\u010dna grade\u017ena potpora. Otporen e na mraz i drugi atmosferski uslovi<\/p>","protected":false},"featured_media":536,"template":"","meta":[],"product_brand":[],"product_cat":[28],"product_tag":[],"class_list":{"0":"post-533","1":"product","2":"type-product","3":"status-publish","4":"has-post-thumbnail","6":"product_cat-curb","8":"first","9":"instock","10":"shipping-taxable","11":"product-type-simple"},"_links":{"self":[{"href":"https:\/\/fe-kom.mk\/mk\/wp-json\/wp\/v2\/product\/533","targetHints":{"allow":["GET"]}}],"collection":[{"href":"https:\/\/fe-kom.mk\/mk\/wp-json\/wp\/v2\/product"}],"about":[{"href":"https:\/\/fe-kom.mk\/mk\/wp-json\/wp\/v2\/types\/product"}],"wp:featuredmedia":[{"embeddable":true,"href":"https:\/\/fe-kom.mk\/mk\/wp-json\/wp\/v2\/media\/536"}],"wp:attachment":[{"href":"https:\/\/fe-kom.mk\/mk\/wp-json\/wp\/v2\/media?parent=533"}],"wp:term":[{"taxonomy":"product_brand","embeddable":true,"href":"https:\/\/fe-kom.mk\/mk\/wp-json\/wp\/v2\/product_brand?post=533"},{"taxonomy":"product_cat","embeddable":true,"href":"https:\/\/fe-kom.mk\/mk\/wp-json\/wp\/v2\/product_cat?post=533"},{"taxonomy":"product_tag","embeddable":true,"href":"https:\/\/fe-kom.mk\/mk\/wp-json\/wp\/v2\/product_tag?post=533"}],"curies":[{"name":"wp","href":"https:\/\/api.w.org\/{rel}","templated":true}]}}