{"id":532,"date":"2025-05-01T10:57:44","date_gmt":"2025-05-01T10:57:44","guid":{"rendered":"https:\/\/fe-kom.mk\/?post_type=product&#038;p=532"},"modified":"2025-05-14T12:03:28","modified_gmt":"2025-05-14T12:03:28","slug":"dimnjak-40x40","status":"publish","type":"product","link":"https:\/\/fe-kom.mk\/mk\/proizvodi-2\/dimnjak-40x40\/","title":{"rendered":"Dimnjak 40X40"},"content":{"rendered":"","protected":false},"excerpt":{"rendered":"<p>Od\u017eakot za centralno greenje so dimenzii 40\u00d740 cm e klasi\u010dna i funkcionalna struktura \u0161to se koristi za ispu\u0161tanje na gasovite od sogoruvanjeto od kotel za centralno greenje, obi\u010dno napojuvan so nafta, peleti ili drvo.<\/p>\n<p>\u0160to e od\u017eak za centralno greenje 40\u00d740?<\/p>\n<p>Od\u017eak so dimenzii 40\u00d740 cm (\u0161irina x dlabo\u010dina) obi\u010dno izgraden so odnapred izleani betonski blokovi, cvrsti tuli ili ognootporni materijali, koj e povrzan so:<\/p>\n<p>\u2022 Kotelot za centralno greenje (na pr. peleti, drvo, nafta)<\/p>\n<p>\u2022 Sistemot za ventilacija i izduvni gasovi<\/p>","protected":false},"featured_media":528,"template":"","meta":[],"product_brand":[],"product_cat":[30],"product_tag":[],"class_list":{"0":"post-532","1":"product","2":"type-product","3":"status-publish","4":"has-post-thumbnail","6":"product_cat-chimney","8":"first","9":"instock","10":"featured","11":"shipping-taxable","12":"product-type-simple"},"_links":{"self":[{"href":"https:\/\/fe-kom.mk\/mk\/wp-json\/wp\/v2\/product\/532","targetHints":{"allow":["GET"]}}],"collection":[{"href":"https:\/\/fe-kom.mk\/mk\/wp-json\/wp\/v2\/product"}],"about":[{"href":"https:\/\/fe-kom.mk\/mk\/wp-json\/wp\/v2\/types\/product"}],"wp:featuredmedia":[{"embeddable":true,"href":"https:\/\/fe-kom.mk\/mk\/wp-json\/wp\/v2\/media\/528"}],"wp:attachment":[{"href":"https:\/\/fe-kom.mk\/mk\/wp-json\/wp\/v2\/media?parent=532"}],"wp:term":[{"taxonomy":"product_brand","embeddable":true,"href":"https:\/\/fe-kom.mk\/mk\/wp-json\/wp\/v2\/product_brand?post=532"},{"taxonomy":"product_cat","embeddable":true,"href":"https:\/\/fe-kom.mk\/mk\/wp-json\/wp\/v2\/product_cat?post=532"},{"taxonomy":"product_tag","embeddable":true,"href":"https:\/\/fe-kom.mk\/mk\/wp-json\/wp\/v2\/product_tag?post=532"}],"curies":[{"name":"wp","href":"https:\/\/api.w.org\/{rel}","templated":true}]}}