{"id":531,"date":"2025-05-01T10:52:16","date_gmt":"2025-05-01T10:52:16","guid":{"rendered":"https:\/\/fe-kom.mk\/?post_type=product&#038;p=531"},"modified":"2025-05-14T12:04:07","modified_gmt":"2025-05-14T12:04:07","slug":"dimnjak-kb3","status":"publish","type":"product","link":"https:\/\/fe-kom.mk\/mk\/proizvodi-2\/dimnjak-kb3\/","title":{"rendered":"Dimnjak KB3"},"content":{"rendered":"","protected":false},"excerpt":{"rendered":"<p>Od\u017eak so 3 dupki e grade\u017een sistem koj vklu\u010duva tri posebni kanali za \u010dad (od\u017eaci) vo edna struktura na od\u017eakot.<\/p>\n<p>Koga e potreben od\u017eak so 3 dupki<\/p>\n<p>\u2022 Vo domovi so povek\u0301e od 2 izvori na toplina (\u0161poret, kamin, bojler itn.)<\/p>\n<p>\u2022 Koga se koristat razli\u010dni funkcii: edna za \u0161poretot, edna za bojlerot i edna za ventilacija<\/p>\n<p>\u2022 Vo slu\u010dai koga e potrebna rezervna kopija ili odvojuvanje na zonata<\/p>","protected":false},"featured_media":530,"template":"","meta":[],"product_brand":[],"product_cat":[30],"product_tag":[],"class_list":{"0":"post-531","1":"product","2":"type-product","3":"status-publish","4":"has-post-thumbnail","6":"product_cat-chimney","8":"first","9":"instock","10":"shipping-taxable","11":"product-type-simple"},"_links":{"self":[{"href":"https:\/\/fe-kom.mk\/mk\/wp-json\/wp\/v2\/product\/531","targetHints":{"allow":["GET"]}}],"collection":[{"href":"https:\/\/fe-kom.mk\/mk\/wp-json\/wp\/v2\/product"}],"about":[{"href":"https:\/\/fe-kom.mk\/mk\/wp-json\/wp\/v2\/types\/product"}],"wp:featuredmedia":[{"embeddable":true,"href":"https:\/\/fe-kom.mk\/mk\/wp-json\/wp\/v2\/media\/530"}],"wp:attachment":[{"href":"https:\/\/fe-kom.mk\/mk\/wp-json\/wp\/v2\/media?parent=531"}],"wp:term":[{"taxonomy":"product_brand","embeddable":true,"href":"https:\/\/fe-kom.mk\/mk\/wp-json\/wp\/v2\/product_brand?post=531"},{"taxonomy":"product_cat","embeddable":true,"href":"https:\/\/fe-kom.mk\/mk\/wp-json\/wp\/v2\/product_cat?post=531"},{"taxonomy":"product_tag","embeddable":true,"href":"https:\/\/fe-kom.mk\/mk\/wp-json\/wp\/v2\/product_tag?post=531"}],"curies":[{"name":"wp","href":"https:\/\/api.w.org\/{rel}","templated":true}]}}