{"id":527,"date":"2025-05-01T10:51:40","date_gmt":"2025-05-01T10:51:40","guid":{"rendered":"https:\/\/fe-kom.mk\/?post_type=product&#038;p=527"},"modified":"2025-05-14T12:04:18","modified_gmt":"2025-05-14T12:04:18","slug":"dimnjak-kb-2","status":"publish","type":"product","link":"https:\/\/fe-kom.mk\/mk\/proizvodi-2\/dimnjak-kb-2\/","title":{"rendered":"Dimnjak KB 2"},"content":{"rendered":"","protected":false},"excerpt":{"rendered":"<p>Od\u017eacite so 2 dupki se konstrukcii izgradeni so dva oddelni kanali za \u010dad, koi slu\u017eat razli\u010dni funkcii ili za odvojuvanje na protokot na vozduh i \u010dad. Ovoj tip na od\u017eak \u010desto se koristi vo:<\/p>\n<p class=\"translation-block\">\u2022 Privatni domovi so povek\u0301e od eden izvor na toplina<br>\n\u2022 Stanbeni zgradi so dve edinici (dva stana koi delat ist od\u017eak<br>\n\u2022 Zgradi so posebni pe\u010dki ili kamini<\/p>","protected":false},"featured_media":529,"template":"","meta":[],"product_brand":[],"product_cat":[30],"product_tag":[],"class_list":{"0":"post-527","1":"product","2":"type-product","3":"status-publish","4":"has-post-thumbnail","6":"product_cat-chimney","8":"first","9":"instock","10":"shipping-taxable","11":"product-type-simple"},"_links":{"self":[{"href":"https:\/\/fe-kom.mk\/mk\/wp-json\/wp\/v2\/product\/527","targetHints":{"allow":["GET"]}}],"collection":[{"href":"https:\/\/fe-kom.mk\/mk\/wp-json\/wp\/v2\/product"}],"about":[{"href":"https:\/\/fe-kom.mk\/mk\/wp-json\/wp\/v2\/types\/product"}],"wp:featuredmedia":[{"embeddable":true,"href":"https:\/\/fe-kom.mk\/mk\/wp-json\/wp\/v2\/media\/529"}],"wp:attachment":[{"href":"https:\/\/fe-kom.mk\/mk\/wp-json\/wp\/v2\/media?parent=527"}],"wp:term":[{"taxonomy":"product_brand","embeddable":true,"href":"https:\/\/fe-kom.mk\/mk\/wp-json\/wp\/v2\/product_brand?post=527"},{"taxonomy":"product_cat","embeddable":true,"href":"https:\/\/fe-kom.mk\/mk\/wp-json\/wp\/v2\/product_cat?post=527"},{"taxonomy":"product_tag","embeddable":true,"href":"https:\/\/fe-kom.mk\/mk\/wp-json\/wp\/v2\/product_tag?post=527"}],"curies":[{"name":"wp","href":"https:\/\/api.w.org\/{rel}","templated":true}]}}