{"id":524,"date":"2025-05-01T10:48:01","date_gmt":"2025-05-01T10:48:01","guid":{"rendered":"https:\/\/fe-kom.mk\/?post_type=product&#038;p=524"},"modified":"2025-05-14T12:05:13","modified_gmt":"2025-05-14T12:05:13","slug":"mesavina-na-boi-od-tuli","status":"publish","type":"product","link":"https:\/\/fe-kom.mk\/mk\/proizvodi-2\/mesavina-na-boi-od-tuli\/","title":{"rendered":"Me\u0161avina na boi od tuli"},"content":{"rendered":"","protected":false},"excerpt":{"rendered":"<p>Tulite \u201eColormix\u201c se moderen i estetski izbor vo grade\u017eni\u0161tvoto i poplo\u010duvanjeto, koi se odlikuvaat so me\u0161anata boja \u2013 odnosno sekoja tula ima razli\u010dni nijansi na boja vo sebe, sozdavajk\u0301i dinami\u010den i priroden vizuelen efekt so dimenzii 20\u00d740. Sekoja tula e unikatna vo svojot dizajn, taka \u0161to koga k\u0301e se postavat zaedno, tie sozdavaat povr\u0161ina so priroden i neramnomeren efekt - mnogu vizuelno privle\u010dna!<\/p>","protected":false},"featured_media":525,"template":"","meta":[],"product_brand":[],"product_cat":[31],"product_tag":[],"class_list":{"0":"post-524","1":"product","2":"type-product","3":"status-publish","4":"has-post-thumbnail","6":"product_cat-brick","8":"first","9":"instock","10":"shipping-taxable","11":"product-type-simple"},"_links":{"self":[{"href":"https:\/\/fe-kom.mk\/mk\/wp-json\/wp\/v2\/product\/524","targetHints":{"allow":["GET"]}}],"collection":[{"href":"https:\/\/fe-kom.mk\/mk\/wp-json\/wp\/v2\/product"}],"about":[{"href":"https:\/\/fe-kom.mk\/mk\/wp-json\/wp\/v2\/types\/product"}],"wp:featuredmedia":[{"embeddable":true,"href":"https:\/\/fe-kom.mk\/mk\/wp-json\/wp\/v2\/media\/525"}],"wp:attachment":[{"href":"https:\/\/fe-kom.mk\/mk\/wp-json\/wp\/v2\/media?parent=524"}],"wp:term":[{"taxonomy":"product_brand","embeddable":true,"href":"https:\/\/fe-kom.mk\/mk\/wp-json\/wp\/v2\/product_brand?post=524"},{"taxonomy":"product_cat","embeddable":true,"href":"https:\/\/fe-kom.mk\/mk\/wp-json\/wp\/v2\/product_cat?post=524"},{"taxonomy":"product_tag","embeddable":true,"href":"https:\/\/fe-kom.mk\/mk\/wp-json\/wp\/v2\/product_tag?post=524"}],"curies":[{"name":"wp","href":"https:\/\/api.w.org\/{rel}","templated":true}]}}