{"id":520,"date":"2025-05-01T10:37:35","date_gmt":"2025-05-01T10:37:35","guid":{"rendered":"https:\/\/fe-kom.mk\/?post_type=product&#038;p=520"},"modified":"2025-05-14T12:07:02","modified_gmt":"2025-05-14T12:07:02","slug":"bekaton-10x20x8cm","status":"publish","type":"product","link":"https:\/\/fe-kom.mk\/mk\/proizvodi-2\/bekaton-10x20x8cm\/","title":{"rendered":"Bekaton 10X20X8CM"},"content":{"rendered":"","protected":false},"excerpt":{"rendered":"<p>Betonskata kupola 10x20x8 cm e edna od najkoristenite formi za prakti\u010dni, cvrsti i izdr\u017elivi povr\u0161ini, osobeno na uli\u010dki, trotoari i parkinzi.<\/p>\n<p>Tehni\u010dka upotreba:<\/p>\n<p>1. Industriski pati\u0161ta<\/p>\n<p>2. Parkinzi<\/p>\n<p>3. Dvorovi so cirkulacija na vozila<\/p>","protected":false},"featured_media":497,"template":"","meta":[],"product_brand":[],"product_cat":[29],"product_tag":[],"class_list":{"0":"post-520","1":"product","2":"type-product","3":"status-publish","4":"has-post-thumbnail","6":"product_cat-paving-block","8":"first","9":"instock","10":"shipping-taxable","11":"product-type-simple"},"_links":{"self":[{"href":"https:\/\/fe-kom.mk\/mk\/wp-json\/wp\/v2\/product\/520","targetHints":{"allow":["GET"]}}],"collection":[{"href":"https:\/\/fe-kom.mk\/mk\/wp-json\/wp\/v2\/product"}],"about":[{"href":"https:\/\/fe-kom.mk\/mk\/wp-json\/wp\/v2\/types\/product"}],"wp:featuredmedia":[{"embeddable":true,"href":"https:\/\/fe-kom.mk\/mk\/wp-json\/wp\/v2\/media\/497"}],"wp:attachment":[{"href":"https:\/\/fe-kom.mk\/mk\/wp-json\/wp\/v2\/media?parent=520"}],"wp:term":[{"taxonomy":"product_brand","embeddable":true,"href":"https:\/\/fe-kom.mk\/mk\/wp-json\/wp\/v2\/product_brand?post=520"},{"taxonomy":"product_cat","embeddable":true,"href":"https:\/\/fe-kom.mk\/mk\/wp-json\/wp\/v2\/product_cat?post=520"},{"taxonomy":"product_tag","embeddable":true,"href":"https:\/\/fe-kom.mk\/mk\/wp-json\/wp\/v2\/product_tag?post=520"}],"curies":[{"name":"wp","href":"https:\/\/api.w.org\/{rel}","templated":true}]}}