{"id":518,"date":"2025-05-01T10:27:32","date_gmt":"2025-05-01T10:27:32","guid":{"rendered":"https:\/\/fe-kom.mk\/?post_type=product&#038;p=518"},"modified":"2025-05-14T12:09:02","modified_gmt":"2025-05-14T12:09:02","slug":"bekaton-dt","status":"publish","type":"product","link":"https:\/\/fe-kom.mk\/mk\/proizvodi-2\/bekaton-dt\/","title":{"rendered":"Bekaton DT"},"content":{"rendered":"","protected":false},"excerpt":{"rendered":"<p>Vo oblasta na grade\u017eni\u0161tvoto i nadvore\u0161nite raboti, \u201eDT\u201c obi\u010dno se odnesuva na posebna tehni\u010dka ili industriska forma na kupolata, koja \u010desto se koristi za visoka izdr\u017elivost i silno povrzuvanje. DT \u010desto se koristi kako kratenka za kupoli so poseben oblik na isprepletenost, koi: imaat tehni\u010dki formi (na pr. bukvata \u201eI\u201c, \u201eT\u201c ili cik-cak), ovozmo\u017euvaat podobra adhezija pomeg\u0301u kupoli, se pogodni za povr\u0161ini so golemo optovaruvanje, kako \u0161to se: industriski pati\u0161ta, parkinzi, dvorovi so soobrak\u0301aj na vozila<\/p>\n<p>Tehni\u010dki karakteristiki:<\/p>\n<p>\u2022 Oblik: Tehni\u010dki\/Interblokira\u010dki.<\/p>\n<p>\u2022 Debelina: 8 cm<\/p>\n<p>\u2022 Ja\u010dina: visoka (otporna na pritisok, mraz, sol)<\/p>\n<p>\u2022 Color: Gray, red, black<\/p>\n<p>\u2022 Koli\u010dina: 36 par\u010dinja na m\u00b2<\/p>","protected":false},"featured_media":502,"template":"","meta":[],"product_brand":[],"product_cat":[29],"product_tag":[],"class_list":{"0":"post-518","1":"product","2":"type-product","3":"status-publish","4":"has-post-thumbnail","6":"product_cat-paving-block","8":"first","9":"instock","10":"featured","11":"shipping-taxable","12":"product-type-simple"},"_links":{"self":[{"href":"https:\/\/fe-kom.mk\/mk\/wp-json\/wp\/v2\/product\/518","targetHints":{"allow":["GET"]}}],"collection":[{"href":"https:\/\/fe-kom.mk\/mk\/wp-json\/wp\/v2\/product"}],"about":[{"href":"https:\/\/fe-kom.mk\/mk\/wp-json\/wp\/v2\/types\/product"}],"wp:featuredmedia":[{"embeddable":true,"href":"https:\/\/fe-kom.mk\/mk\/wp-json\/wp\/v2\/media\/502"}],"wp:attachment":[{"href":"https:\/\/fe-kom.mk\/mk\/wp-json\/wp\/v2\/media?parent=518"}],"wp:term":[{"taxonomy":"product_brand","embeddable":true,"href":"https:\/\/fe-kom.mk\/mk\/wp-json\/wp\/v2\/product_brand?post=518"},{"taxonomy":"product_cat","embeddable":true,"href":"https:\/\/fe-kom.mk\/mk\/wp-json\/wp\/v2\/product_cat?post=518"},{"taxonomy":"product_tag","embeddable":true,"href":"https:\/\/fe-kom.mk\/mk\/wp-json\/wp\/v2\/product_tag?post=518"}],"curies":[{"name":"wp","href":"https:\/\/api.w.org\/{rel}","templated":true}]}}