{"id":513,"date":"2025-04-30T15:59:06","date_gmt":"2025-04-30T15:59:06","guid":{"rendered":"https:\/\/fe-kom.mk\/?post_type=product&#038;p=513"},"modified":"2025-05-14T12:11:07","modified_gmt":"2025-05-14T12:11:07","slug":"bekaton-sinus","status":"publish","type":"product","link":"https:\/\/fe-kom.mk\/mk\/proizvodi-2\/bekaton-sinus\/","title":{"rendered":"Bekaton Sinus"},"content":{"rendered":"","protected":false},"excerpt":{"rendered":"<p>Sinusnite kupoli se betonski kupoli so branovidna forma, nare\u010deni taka bidejk\u0301i nivnite strani\u010dni konturi sledat traektorija sli\u010dna na sinusnite branovi (kako branovi). Tie sovr\u0161eno se vklopuvaat eden so drug za da sozdadat efekt na bran na povr\u0161inata.<\/p>\n<p>Tehni\u010dki karakteristiki:<\/p>\n<p>\u2022 Forma: Branovidna (so sinusoidni rabovi)<\/p>\n<p>\u2022 Materijal: Cvrst beton, ponekoga\u0161 oboen<\/p>\n<p>\u2022 Upotreba: Trotoari, javni plo\u0161tadi, uli\u010dki, gradini<\/p>\n<p>\u2022 Estetika: Dava vizuelen efekt na dvi\u017eenje i elegancija<\/p>\n<p>\u2022 Instalacija: Sklopeno so meg\u0301usebno zaklu\u010duvanje (kako \u201eslo\u017euvalka\u201c)<\/p>\n<p>\u2022 Koli\u010dina: 24 par\u010dinja na m\u00b2<\/p>","protected":false},"featured_media":504,"template":"","meta":[],"product_brand":[],"product_cat":[29],"product_tag":[],"class_list":{"0":"post-513","1":"product","2":"type-product","3":"status-publish","4":"has-post-thumbnail","6":"product_cat-paving-block","8":"first","9":"instock","10":"shipping-taxable","11":"product-type-simple"},"_links":{"self":[{"href":"https:\/\/fe-kom.mk\/mk\/wp-json\/wp\/v2\/product\/513","targetHints":{"allow":["GET"]}}],"collection":[{"href":"https:\/\/fe-kom.mk\/mk\/wp-json\/wp\/v2\/product"}],"about":[{"href":"https:\/\/fe-kom.mk\/mk\/wp-json\/wp\/v2\/types\/product"}],"wp:featuredmedia":[{"embeddable":true,"href":"https:\/\/fe-kom.mk\/mk\/wp-json\/wp\/v2\/media\/504"}],"wp:attachment":[{"href":"https:\/\/fe-kom.mk\/mk\/wp-json\/wp\/v2\/media?parent=513"}],"wp:term":[{"taxonomy":"product_brand","embeddable":true,"href":"https:\/\/fe-kom.mk\/mk\/wp-json\/wp\/v2\/product_brand?post=513"},{"taxonomy":"product_cat","embeddable":true,"href":"https:\/\/fe-kom.mk\/mk\/wp-json\/wp\/v2\/product_cat?post=513"},{"taxonomy":"product_tag","embeddable":true,"href":"https:\/\/fe-kom.mk\/mk\/wp-json\/wp\/v2\/product_tag?post=513"}],"curies":[{"name":"wp","href":"https:\/\/api.w.org\/{rel}","templated":true}]}}