{"id":512,"date":"2025-04-30T15:55:03","date_gmt":"2025-04-30T15:55:03","guid":{"rendered":"https:\/\/fe-kom.mk\/?post_type=product&#038;p=512"},"modified":"2025-05-14T12:11:44","modified_gmt":"2025-05-14T12:11:44","slug":"bekaton-piramid","status":"publish","type":"product","link":"https:\/\/fe-kom.mk\/mk\/proizvodi-2\/bekaton-piramid\/","title":{"rendered":"Bekaton Piramid"},"content":{"rendered":"","protected":false},"excerpt":{"rendered":"<p>Ova se kupoli so kvadratna osnova, no za razlika od voobi\u010daenite, nivnata gorna povr\u0161ina e piramidalna - malku podignata vo sredinata ili so triagolni formi \u0161to se izdigaat kako vrvovi. Ovozmo\u017euva podobar protok na voda (blagodarenie na naklonot), Dava 3D i estetski efekt koga se postavuva na golemi povr\u0161ini, Nelizgava - pogodna za do\u017edlivi ili vla\u017eni podra\u010dja<\/p>\n<p>Tipi\u010dni upotreba:<\/p>\n<p>1. Pe\u0161a\u010dki premin<\/p>\n<p>2. Dekorativni dvorovi<\/p>\n<p>3. Perimetar na trotoar<\/p>\n<p>4. Razdelni ili akcentni linii na asfaltirani pati\u0161ta<\/p>\n<p>Tehni\u010dki karakteristiki:<\/p>\n<p>\u2022 Dimenzii: 23x28x9,5\u00d76 sm<\/p>\n<p>\u2022 Forma: Kvadratna osnova so mala piramida na povr\u0161inata<\/p>\n<p>\u2022 Materijal: Cvrst beton, \u010desto prirodno siv ili oboen<\/p>\n<p>\u2022 Te\u017eina: okolu 4-6 kg po par\u010de<\/p>\n<p>\u2022 Koli\u010dina: 21 par\u010de na m\u00b2<\/p>","protected":false},"featured_media":503,"template":"","meta":[],"product_brand":[],"product_cat":[29],"product_tag":[],"class_list":{"0":"post-512","1":"product","2":"type-product","3":"status-publish","4":"has-post-thumbnail","6":"product_cat-paving-block","8":"first","9":"instock","10":"shipping-taxable","11":"product-type-simple"},"_links":{"self":[{"href":"https:\/\/fe-kom.mk\/mk\/wp-json\/wp\/v2\/product\/512","targetHints":{"allow":["GET"]}}],"collection":[{"href":"https:\/\/fe-kom.mk\/mk\/wp-json\/wp\/v2\/product"}],"about":[{"href":"https:\/\/fe-kom.mk\/mk\/wp-json\/wp\/v2\/types\/product"}],"wp:featuredmedia":[{"embeddable":true,"href":"https:\/\/fe-kom.mk\/mk\/wp-json\/wp\/v2\/media\/503"}],"wp:attachment":[{"href":"https:\/\/fe-kom.mk\/mk\/wp-json\/wp\/v2\/media?parent=512"}],"wp:term":[{"taxonomy":"product_brand","embeddable":true,"href":"https:\/\/fe-kom.mk\/mk\/wp-json\/wp\/v2\/product_brand?post=512"},{"taxonomy":"product_cat","embeddable":true,"href":"https:\/\/fe-kom.mk\/mk\/wp-json\/wp\/v2\/product_cat?post=512"},{"taxonomy":"product_tag","embeddable":true,"href":"https:\/\/fe-kom.mk\/mk\/wp-json\/wp\/v2\/product_tag?post=512"}],"curies":[{"name":"wp","href":"https:\/\/api.w.org\/{rel}","templated":true}]}}