{"id":510,"date":"2025-04-30T15:41:23","date_gmt":"2025-04-30T15:41:23","guid":{"rendered":"https:\/\/fe-kom.mk\/?post_type=product&#038;p=510"},"modified":"2025-05-14T12:13:22","modified_gmt":"2025-05-14T12:13:22","slug":"bekaton-30x60x6cm","status":"publish","type":"product","link":"https:\/\/fe-kom.mk\/mk\/proizvodi-2\/bekaton-30x60x6cm\/","title":{"rendered":"Bekaton 30X60X6CM"},"content":{"rendered":"","protected":false},"excerpt":{"rendered":"<p>Betonskata kupola so dimenzii 30x60x6 sm e golem i moderen element, \u0161iroko koristen vo urbani prostori, elegantni dvorovi ili javni plo\u0161tadi, kade \u0161to e potreben minimalen, linearen i efektiven dizajn za brzo pokrivanje na povr\u0161inata<\/p>\n<p>Tipi\u010dni upotreba:<\/p>\n<p>1. Poplo\u010duvanje vo luksuzni dvorovi i vili<\/p>\n<p>2. Moderni javni povr\u0161ini (plo\u0161tadi, mesta za odmor)<\/p>\n<p>3. Terasi, kaldrma ili pe\u0161a\u010dki povr\u0161ini<\/p>\n<p>4. Nadvore\u0161ni kafulinja ili restoranski prostori<\/p>\n<p>Tehni\u010dki karakteristiki:<\/p>\n<p>\u2022 Dimenzii: 30 sm (\u0161irina) x 60 sm (dol\u017eina) x 6 sm (debelina)<\/p>\n<p>\u2022 Forma: Pravoagolna, so pravi rabovi<\/p>\n<p>\u2022 Materijal: Armiran ili beton tretiran so vremenski uslovi<\/p>\n<p>\u2022 Boja: Prirodno siva ili vo razni dekorativni boi (antracit, be\u017e, terakota, itn.)<\/p>\n<p>Te\u017eina: Okolu 23-27 kg po par\u010de (vo zavisnost od gustinata na betonot)<\/p>\n<p>\u2022 Koli\u010dina: 5,55 par\u010dinja na m\u00b2<\/p>","protected":false},"featured_media":500,"template":"","meta":[],"product_brand":[],"product_cat":[29],"product_tag":[],"class_list":{"0":"post-510","1":"product","2":"type-product","3":"status-publish","4":"has-post-thumbnail","6":"product_cat-paving-block","8":"first","9":"instock","10":"shipping-taxable","11":"product-type-simple"},"_links":{"self":[{"href":"https:\/\/fe-kom.mk\/mk\/wp-json\/wp\/v2\/product\/510","targetHints":{"allow":["GET"]}}],"collection":[{"href":"https:\/\/fe-kom.mk\/mk\/wp-json\/wp\/v2\/product"}],"about":[{"href":"https:\/\/fe-kom.mk\/mk\/wp-json\/wp\/v2\/types\/product"}],"wp:featuredmedia":[{"embeddable":true,"href":"https:\/\/fe-kom.mk\/mk\/wp-json\/wp\/v2\/media\/500"}],"wp:attachment":[{"href":"https:\/\/fe-kom.mk\/mk\/wp-json\/wp\/v2\/media?parent=510"}],"wp:term":[{"taxonomy":"product_brand","embeddable":true,"href":"https:\/\/fe-kom.mk\/mk\/wp-json\/wp\/v2\/product_brand?post=510"},{"taxonomy":"product_cat","embeddable":true,"href":"https:\/\/fe-kom.mk\/mk\/wp-json\/wp\/v2\/product_cat?post=510"},{"taxonomy":"product_tag","embeddable":true,"href":"https:\/\/fe-kom.mk\/mk\/wp-json\/wp\/v2\/product_tag?post=510"}],"curies":[{"name":"wp","href":"https:\/\/api.w.org\/{rel}","templated":true}]}}