{"id":509,"date":"2025-04-30T15:19:09","date_gmt":"2025-04-30T15:19:09","guid":{"rendered":"https:\/\/fe-kom.mk\/?post_type=product&#038;p=509"},"modified":"2025-05-14T12:13:36","modified_gmt":"2025-05-14T12:13:36","slug":"bekaton-40x40x6cm","status":"publish","type":"product","link":"https:\/\/fe-kom.mk\/mk\/proizvodi-2\/bekaton-40x40x6cm\/","title":{"rendered":"Bekaton 40X40X6CM"},"content":{"rendered":"","protected":false},"excerpt":{"rendered":"<p>Betonskata kupola od 40x40x6 sm e edna od najgolemite i najdekorativnite formi, \u010desto se koristi vo sredini koi baraat \u010dist, moderen i uniformen izgled, kako \u0161to se privatni dvorovi, trotoari so minimalisti\u010dki dizajn ili mesta za odmor vo javni prostori. Idealna e za proekti koi baraat brzina vo postavuvanjeto, malku linii na podelba (spojki) i unikaten izgled.<\/p>\n<p>Tipi\u010dni upotreba:<\/p>\n<p>1. Dvorovi na kuk\u0301i i vili<\/p>\n<p>2. Javni povr\u0161ini kako \u0161to se plo\u0161tadi ili rekreativni povr\u0161ini<\/p>\n<p>3. Terasi i gradini so moderen dizajn<\/p>\n<p>4. Poplo\u010duvanje koe bara \u010disti i pravi linii<\/p>\n<p>Tehni\u010dki karakteristiki:<\/p>\n<p>\u2022 Dimenzii: 40x40x6 sm<\/p>\n<p>\u2022 Forma: Kvadratna<\/p>\n<p>\u2022 Materijal: Cvrst beton, otporen na vremenski uslovi, mraz i abenje<\/p>\n<p>\u2022 Boja: Prirodno sivo-bela, no mo\u017ee da se proizveduva i vo drugi boi (crna, be\u017e, peso\u010dna boja itn.)<\/p>\n<p>\u2022 Te\u017eina: Okolu 15-17 kg<\/p>\n<p>\u2022 Koli\u010dina: 6,25 par\u010dinja na m\u00b2<\/p>","protected":false},"featured_media":501,"template":"","meta":[],"product_brand":[],"product_cat":[29],"product_tag":[],"class_list":{"0":"post-509","1":"product","2":"type-product","3":"status-publish","4":"has-post-thumbnail","6":"product_cat-paving-block","8":"first","9":"instock","10":"shipping-taxable","11":"product-type-simple"},"_links":{"self":[{"href":"https:\/\/fe-kom.mk\/mk\/wp-json\/wp\/v2\/product\/509","targetHints":{"allow":["GET"]}}],"collection":[{"href":"https:\/\/fe-kom.mk\/mk\/wp-json\/wp\/v2\/product"}],"about":[{"href":"https:\/\/fe-kom.mk\/mk\/wp-json\/wp\/v2\/types\/product"}],"wp:featuredmedia":[{"embeddable":true,"href":"https:\/\/fe-kom.mk\/mk\/wp-json\/wp\/v2\/media\/501"}],"wp:attachment":[{"href":"https:\/\/fe-kom.mk\/mk\/wp-json\/wp\/v2\/media?parent=509"}],"wp:term":[{"taxonomy":"product_brand","embeddable":true,"href":"https:\/\/fe-kom.mk\/mk\/wp-json\/wp\/v2\/product_brand?post=509"},{"taxonomy":"product_cat","embeddable":true,"href":"https:\/\/fe-kom.mk\/mk\/wp-json\/wp\/v2\/product_cat?post=509"},{"taxonomy":"product_tag","embeddable":true,"href":"https:\/\/fe-kom.mk\/mk\/wp-json\/wp\/v2\/product_tag?post=509"}],"curies":[{"name":"wp","href":"https:\/\/api.w.org\/{rel}","templated":true}]}}