{"id":508,"date":"2025-04-30T15:12:59","date_gmt":"2025-04-30T15:12:59","guid":{"rendered":"https:\/\/fe-kom.mk\/?post_type=product&#038;p=508"},"modified":"2025-05-14T12:14:57","modified_gmt":"2025-05-14T12:14:57","slug":"bekaton-20x40x6cm","status":"publish","type":"product","link":"https:\/\/fe-kom.mk\/mk\/proizvodi-2\/bekaton-20x40x6cm\/","title":{"rendered":"Bekaton 20X40X6CM"},"content":{"rendered":"","protected":false},"excerpt":{"rendered":"<p>Betonskata kupola so dimenzii od 20 sm \u0161irina, 40 sm dol\u017eina i 6 sm debelina e nameneta za poplo\u010duvanje na nadvore\u0161ni povr\u0161ini, kombinirajk\u0301i ja funkcionalnosta so moderniot dizajn. Nejzinata izdol\u017eena forma ovozmo\u017euva poplo\u010duvanje vo razli\u010dni dezeni kako \u0161to se linearni, \u0161ahovska ili parket (\u0161evronska koska). Pogodna za kombinacija so kupoli 20\u00d720, 20\u00d730 za vizuelni efekti.<\/p>\n<p>Tipi\u010dni upotreba:<\/p>\n<p>1. Trotoari i pe\u0161a\u010dki pateki<\/p>\n<p>2. Stanbeni dvorovi i stanbeni kompleksi<\/p>\n<p>3. Komercijalni ili javni povr\u0161ini so umereno optovaruvanje<\/p>\n<p>4. Kombinacija so drugi kocki za geometriski dizajni<\/p>\n<p>Tehni\u010dki karakteristiki:<\/p>\n<p>\u2022 Dimenzii: 20 sm (\u0161irina) x 40 sm (dol\u017eina) x 6 sm (debelina)<\/p>\n<p>\u2022 Forma: Pravoagolna<\/p>\n<p>\u2022 Materijal: Visokokvaliteten beton, otporen na mraz, vlaga i abenje<\/p>\n<p>\u2022 Boja: Obi\u010dno prirodna siva, no mo\u017ee da bide i vo drugi boi (crvena, be\u017e, antracit itn.)<\/p>\n<p>\u2022 Te\u017eina: Okolu 10-11 kg (varira vo zavisnost od gustinata na betonot)<\/p>\n<p>Koli\u010dina: 12.5 par\u010dinja na m\u00b2<\/p>","protected":false},"featured_media":0,"template":"","meta":[],"product_brand":[],"product_cat":[29],"product_tag":[],"class_list":{"0":"post-508","1":"product","2":"type-product","3":"status-publish","5":"product_cat-paving-block","7":"first","8":"instock","9":"shipping-taxable","10":"product-type-simple"},"_links":{"self":[{"href":"https:\/\/fe-kom.mk\/mk\/wp-json\/wp\/v2\/product\/508","targetHints":{"allow":["GET"]}}],"collection":[{"href":"https:\/\/fe-kom.mk\/mk\/wp-json\/wp\/v2\/product"}],"about":[{"href":"https:\/\/fe-kom.mk\/mk\/wp-json\/wp\/v2\/types\/product"}],"wp:attachment":[{"href":"https:\/\/fe-kom.mk\/mk\/wp-json\/wp\/v2\/media?parent=508"}],"wp:term":[{"taxonomy":"product_brand","embeddable":true,"href":"https:\/\/fe-kom.mk\/mk\/wp-json\/wp\/v2\/product_brand?post=508"},{"taxonomy":"product_cat","embeddable":true,"href":"https:\/\/fe-kom.mk\/mk\/wp-json\/wp\/v2\/product_cat?post=508"},{"taxonomy":"product_tag","embeddable":true,"href":"https:\/\/fe-kom.mk\/mk\/wp-json\/wp\/v2\/product_tag?post=508"}],"curies":[{"name":"wp","href":"https:\/\/api.w.org\/{rel}","templated":true}]}}