{"id":507,"date":"2025-04-30T15:04:16","date_gmt":"2025-04-30T15:04:16","guid":{"rendered":"https:\/\/fe-kom.mk\/?post_type=product&#038;p=507"},"modified":"2025-05-14T12:14:48","modified_gmt":"2025-05-14T12:14:48","slug":"bekaton-20x30x6cm","status":"publish","type":"product","link":"https:\/\/fe-kom.mk\/mk\/proizvodi-2\/bekaton-20x30x6cm\/","title":{"rendered":"Bekaton 20X30X6CM"},"content":{"rendered":"","protected":false},"excerpt":{"rendered":"<p>Betonskata kupola od 20x30x6 sm e pravoagolen konstrukciski element dizajniran za trajno nadvore\u0161no poplo\u010duvanje. \u010cesto se koristi za trotoari, plo\u0161tadi i povr\u0161ini kade \u0161to e potrebna funkcionalnost i estetski izgled.<\/p>\n<p>Tipi\u010dni upotreba:<\/p>\n<p>2. Javni i privatni trotoari<\/p>\n<p>2. Pe\u0161a\u010dki pateki vo gradinata ili dvorot<\/p>\n<p>3. Velosipedski povr\u0161ini ili mesta za relaksacija<\/p>\n<p>4. Kombinacii so drugi golemini i boi na kupoli za dekorativni motivi<\/p>\n<p>Tehni\u010dki karakteristiki:<\/p>\n<p>\u2022 Dimenzii: 20 sm (\u0161irina) x 30 sm (dol\u017eina) x 6 sm (debelina)<\/p>\n<p>\u2022 Forma: Pravoagolna<\/p>\n<p>\u2022 Materijal: Beton so visoka cvrstina, otporen na atmosferski vlijanija<\/p>\n<p>\u2022 Boja: Obi\u010dno siva, no dostapna e i vo razli\u010dni boi za dekorativno poplo\u010duvanje<\/p>\n<p>\u2022 Te\u017eina: Okolu 7-8 kg po par\u010de (vo zavisnost od gustinata)<\/p>\n<p>Koli\u010dina: 16,5 par\u010dinja na m\u00b2<\/p>","protected":false},"featured_media":499,"template":"","meta":[],"product_brand":[],"product_cat":[29],"product_tag":[],"class_list":{"0":"post-507","1":"product","2":"type-product","3":"status-publish","4":"has-post-thumbnail","6":"product_cat-paving-block","8":"first","9":"instock","10":"shipping-taxable","11":"product-type-simple"},"_links":{"self":[{"href":"https:\/\/fe-kom.mk\/mk\/wp-json\/wp\/v2\/product\/507","targetHints":{"allow":["GET"]}}],"collection":[{"href":"https:\/\/fe-kom.mk\/mk\/wp-json\/wp\/v2\/product"}],"about":[{"href":"https:\/\/fe-kom.mk\/mk\/wp-json\/wp\/v2\/types\/product"}],"wp:featuredmedia":[{"embeddable":true,"href":"https:\/\/fe-kom.mk\/mk\/wp-json\/wp\/v2\/media\/499"}],"wp:attachment":[{"href":"https:\/\/fe-kom.mk\/mk\/wp-json\/wp\/v2\/media?parent=507"}],"wp:term":[{"taxonomy":"product_brand","embeddable":true,"href":"https:\/\/fe-kom.mk\/mk\/wp-json\/wp\/v2\/product_brand?post=507"},{"taxonomy":"product_cat","embeddable":true,"href":"https:\/\/fe-kom.mk\/mk\/wp-json\/wp\/v2\/product_cat?post=507"},{"taxonomy":"product_tag","embeddable":true,"href":"https:\/\/fe-kom.mk\/mk\/wp-json\/wp\/v2\/product_tag?post=507"}],"curies":[{"name":"wp","href":"https:\/\/api.w.org\/{rel}","templated":true}]}}