{"id":506,"date":"2025-04-30T14:54:52","date_gmt":"2025-04-30T14:54:52","guid":{"rendered":"https:\/\/fe-kom.mk\/?post_type=product&#038;p=506"},"modified":"2025-05-14T12:16:58","modified_gmt":"2025-05-14T12:16:58","slug":"bekaton-20x20x6cm","status":"publish","type":"product","link":"https:\/\/fe-kom.mk\/mk\/proizvodi-2\/bekaton-20x20x6cm\/","title":{"rendered":"Bekaton 20X20X6CM"},"content":{"rendered":"","protected":false},"excerpt":{"rendered":"<p>Betonskata kupola so dimenzii 20x20x6 sm e konstrukciski element namenet prvenstveno za poplo\u010duvanje na trotoari, gradinarski pateki, dvorovi i drugi nadvore\u0161ni povr\u0161ini koi baraat visoka otpornost na optovaruvanja i vremenski uslovi. Otporen na mraz, do\u017ed i abenje, Lesno sklopuvanje i brza zamena vo slu\u010daj na o\u0161tetuvanje, Mo\u017ee da se kombinira so kupoli so razli\u010dni formi i boi za kreativen dizajn.<\/p>\n<p>Tipi\u010dni upotreba:<\/p>\n<p>1. Gradinarski pateki ili pe\u0161a\u010dki uli\u010dki<\/p>\n<p>2. Javni ili privatni trotoari<\/p>\n<p>3. Dekorativni poplo\u010duvanja vo dvorovi, terasi ili komercijalni prostori<\/p>\n<p>Tehni\u010dki karakteristiki:<\/p>\n<p>\u2022 Dimenzii: 20 sm (dol\u017eina) x 10 sm (\u0161irina) x 6 sm (debelina)<\/p>\n<p>\u2022 Forma: Kvadratna<\/p>\n<p>Materijal: Tvrd beton, ponekoga\u0161 so dodatok na granulati za pogolema izdr\u017elivost<\/p>\n<p>\u2022 Boja: Obi\u010dno prirodna siva, no mo\u017ee da se oboi i po baranje<\/p>\n<p>\u2022 Te\u017eina: Okolu 5-6 kg po par\u010de (vo zavisnost od sostavot)<\/p>\n<p>\u2022 Koli\u010dina: 50 par\u010dinja na m\u00b2<\/p>","protected":false},"featured_media":498,"template":"","meta":[],"product_brand":[],"product_cat":[29],"product_tag":[],"class_list":{"0":"post-506","1":"product","2":"type-product","3":"status-publish","4":"has-post-thumbnail","6":"product_cat-paving-block","8":"first","9":"instock","10":"shipping-taxable","11":"product-type-simple"},"_links":{"self":[{"href":"https:\/\/fe-kom.mk\/mk\/wp-json\/wp\/v2\/product\/506","targetHints":{"allow":["GET"]}}],"collection":[{"href":"https:\/\/fe-kom.mk\/mk\/wp-json\/wp\/v2\/product"}],"about":[{"href":"https:\/\/fe-kom.mk\/mk\/wp-json\/wp\/v2\/types\/product"}],"wp:featuredmedia":[{"embeddable":true,"href":"https:\/\/fe-kom.mk\/mk\/wp-json\/wp\/v2\/media\/498"}],"wp:attachment":[{"href":"https:\/\/fe-kom.mk\/mk\/wp-json\/wp\/v2\/media?parent=506"}],"wp:term":[{"taxonomy":"product_brand","embeddable":true,"href":"https:\/\/fe-kom.mk\/mk\/wp-json\/wp\/v2\/product_brand?post=506"},{"taxonomy":"product_cat","embeddable":true,"href":"https:\/\/fe-kom.mk\/mk\/wp-json\/wp\/v2\/product_cat?post=506"},{"taxonomy":"product_tag","embeddable":true,"href":"https:\/\/fe-kom.mk\/mk\/wp-json\/wp\/v2\/product_tag?post=506"}],"curies":[{"name":"wp","href":"https:\/\/api.w.org\/{rel}","templated":true}]}}