{"id":492,"date":"2025-04-30T14:38:21","date_gmt":"2025-04-30T14:38:21","guid":{"rendered":"https:\/\/fe-kom.mk\/?post_type=product&#038;p=492"},"modified":"2025-05-14T12:17:12","modified_gmt":"2025-05-14T12:17:12","slug":"bekaton-10x20x6cm","status":"publish","type":"product","link":"https:\/\/fe-kom.mk\/mk\/proizvodi-2\/bekaton-10x20x6cm\/","title":{"rendered":"Bekaton 10X20X6CM"},"content":{"rendered":"","protected":false},"excerpt":{"rendered":"<p>Betonskite kupoli obi\u010dno se koristat za dekorativni raboti, trotoari, mali rabnici ili funkcionalni pregradi vo nadvore\u0161ni prostori. Izraboteni se od izdr\u017eliva betonska me\u0161avina koja nudi cvrstina i otpornost na vremenskite uslovi.<\/p>\n<p>Tipi\u010dni upotrebi:<\/p>\n<p>1. Poplo\u010duvanje na trotoari i pateki<\/p>\n<p>2. Dekoriranje na dvorovi i gradini<\/p>\n<p>3. Niski pregradni dzidovi ili rabnici<\/p>\n<p>Tehni\u010dki karakteristiki:<\/p>\n<p>\u2022 Dimenzii: 20 sm (dol\u017eina) x 10 sm (\u0161irina) x 6 sm (debelina)<\/p>\n<p>\u2022 Forma: Pravoagolna<\/p>\n<p>\u2022 Materijal: Cvrst beton, ponekoga\u0161 so me\u0161avina od granuli za pogolema izdr\u017elivost<\/p>\n<p>\u2022 Boja: Obi\u010dno prirodna siva, no mo\u017ee da se oboi i po baranje<\/p>\n<p>\u2022 Te\u017eina: Okolu 3-4 kg po par\u010de (vo zavisnost od sostavot)<\/p>\n<p>\u2022 Koli\u010dina: 50 par\u010dinja na m\u00b2<\/p>","protected":false},"featured_media":490,"template":"","meta":[],"product_brand":[],"product_cat":[29],"product_tag":[],"class_list":{"0":"post-492","1":"product","2":"type-product","3":"status-publish","4":"has-post-thumbnail","6":"product_cat-paving-block","8":"first","9":"instock","10":"shipping-taxable","11":"product-type-simple"},"_links":{"self":[{"href":"https:\/\/fe-kom.mk\/mk\/wp-json\/wp\/v2\/product\/492","targetHints":{"allow":["GET"]}}],"collection":[{"href":"https:\/\/fe-kom.mk\/mk\/wp-json\/wp\/v2\/product"}],"about":[{"href":"https:\/\/fe-kom.mk\/mk\/wp-json\/wp\/v2\/types\/product"}],"wp:featuredmedia":[{"embeddable":true,"href":"https:\/\/fe-kom.mk\/mk\/wp-json\/wp\/v2\/media\/490"}],"wp:attachment":[{"href":"https:\/\/fe-kom.mk\/mk\/wp-json\/wp\/v2\/media?parent=492"}],"wp:term":[{"taxonomy":"product_brand","embeddable":true,"href":"https:\/\/fe-kom.mk\/mk\/wp-json\/wp\/v2\/product_brand?post=492"},{"taxonomy":"product_cat","embeddable":true,"href":"https:\/\/fe-kom.mk\/mk\/wp-json\/wp\/v2\/product_cat?post=492"},{"taxonomy":"product_tag","embeddable":true,"href":"https:\/\/fe-kom.mk\/mk\/wp-json\/wp\/v2\/product_tag?post=492"}],"curies":[{"name":"wp","href":"https:\/\/api.w.org\/{rel}","templated":true}]}}